{"id":365,"date":"2022-08-28T22:01:43","date_gmt":"2022-08-28T22:01:43","guid":{"rendered":"https:\/\/artejka.pl\/?page_id=365"},"modified":"2025-05-19T20:06:56","modified_gmt":"2025-05-19T20:06:56","slug":"malarstwo-scienne","status":"publish","type":"page","link":"https:\/\/artejka.pl\/?page_id=365","title":{"rendered":"Malarstwo \u015bcienne"},"content":{"rendered":"\n<h2 class=\"wp-block-heading\">Malarstwo \u015bcienne<\/h2>\n\n\n\n<p class=\"has-small-font-size\" style=\"line-height:1.3\">Motywy do ka\u017cdego wn\u0119trza, pokoje dzieci\u0119ce, salon, \u0142azienka, lokale u\u017cytkowe. Tematyka bez ogranicze\u0144, projekt indywidualny. Murales wykonane s\u0105 trwa\u0142ymi farbami, co daje mo\u017cliwo\u015b\u0107 usuwania ewentualnych zabrudze\u0144.<\/p>\n\n\n\nngg_shortcode_0_placeholder\n","protected":false},"excerpt":{"rendered":"<p>Malarstwo \u015bcienne Motywy do ka\u017cdego wn\u0119trza, pokoje dzieci\u0119ce, salon, \u0142azienka, lokale u\u017cytkowe. Tematyka bez ogranicze\u0144, projekt indywidualny. Murales wykonane s\u0105 trwa\u0142ymi farbami, co daje mo\u017cliwo\u015b\u0107 usuwania ewentualnych zabrudze\u0144.<\/p>\n","protected":false},"author":1,"featured_media":0,"parent":0,"menu_order":0,"comment_status":"closed","ping_status":"closed","template":"","meta":{"ngg_post_thumbnail":0,"footnotes":""},"class_list":["post-365","page","type-page","status-publish","hentry"],"_links":{"self":[{"href":"https:\/\/artejka.pl\/index.php?rest_route=\/wp\/v2\/pages\/365","targetHints":{"allow":["GET"]}}],"collection":[{"href":"https:\/\/artejka.pl\/index.php?rest_route=\/wp\/v2\/pages"}],"about":[{"href":"https:\/\/artejka.pl\/index.php?rest_route=\/wp\/v2\/types\/page"}],"author":[{"embeddable":true,"href":"https:\/\/artejka.pl\/index.php?rest_route=\/wp\/v2\/users\/1"}],"replies":[{"embeddable":true,"href":"https:\/\/artejka.pl\/index.php?rest_route=%2Fwp%2Fv2%2Fcomments&post=365"}],"version-history":[{"count":4,"href":"https:\/\/artejka.pl\/index.php?rest_route=\/wp\/v2\/pages\/365\/revisions"}],"predecessor-version":[{"id":874,"href":"https:\/\/artejka.pl\/index.php?rest_route=\/wp\/v2\/pages\/365\/revisions\/874"}],"wp:attachment":[{"href":"https:\/\/artejka.pl\/index.php?rest_route=%2Fwp%2Fv2%2Fmedia&parent=365"}],"curies":[{"name":"wp","href":"https:\/\/api.w.org\/{rel}","templated":true}]}}